{"id":2,"date":"2023-09-18T07:57:18","date_gmt":"2023-09-18T07:57:18","guid":{"rendered":"https:\/\/web4.rkinformatika.net\/drogueriaamutio\/?page_id=2"},"modified":"2024-06-11T10:15:53","modified_gmt":"2024-06-11T10:15:53","slug":"inicio","status":"publish","type":"page","link":"https:\/\/drogueriaamutio.eus\/eu\/","title":{"rendered":"Hasiera"},"content":{"rendered":"<div data-elementor-type=\"wp-page\" data-elementor-id=\"2\" class=\"elementor elementor-2\" data-elementor-post-type=\"page\">\n\t\t\t\t\t\t<section class=\"elementor-section elementor-top-section elementor-element elementor-element-301ba66 elementor-section-full_width elementor-section-height-default elementor-section-height-default\" data-id=\"301ba66\" data-element_type=\"section\" data-e-type=\"section\" data-settings=\"{&quot;background_background&quot;:&quot;classic&quot;}\">\n\t\t\t\t\t\t\t<div class=\"elementor-background-overlay\"><\/div>\n\t\t\t\t\t\t\t<div class=\"elementor-container elementor-column-gap-default\">\n\t\t\t\t\t<div class=\"elementor-column elementor-col-100 elementor-top-column elementor-element elementor-element-a5a8b9b\" data-id=\"a5a8b9b\" data-element_type=\"column\" data-e-type=\"column\">\n\t\t\t<div class=\"elementor-widget-wrap elementor-element-populated\">\n\t\t\t\t\t\t<div class=\"elementor-element elementor-element-6ed6853 elementor-widget elementor-widget-heading\" data-id=\"6ed6853\" data-element_type=\"widget\" data-e-type=\"widget\" data-widget_type=\"heading.default\">\n\t\t\t\t<div class=\"elementor-widget-container\">\n\t\t\t\t\t<h2 class=\"elementor-heading-title elementor-size-default\">Ongi etorri drogeria Amutiora <br> 75 urte baino gehiago kalitatez eta zerbitzuz<\/h2>\t\t\t\t<\/div>\n\t\t\t\t<\/div>\n\t\t\t\t\t<\/div>\n\t\t<\/div>\n\t\t\t\t\t<\/div>\n\t\t<\/section>\n\t\t\t\t<section class=\"elementor-section elementor-top-section elementor-element elementor-element-d959c02 elementor-section-boxed elementor-section-height-default elementor-section-height-default\" data-id=\"d959c02\" data-element_type=\"section\" data-e-type=\"section\">\n\t\t\t\t\t\t\t<div class=\"elementor-background-overlay\"><\/div>\n\t\t\t\t\t\t\t<div class=\"elementor-container elementor-column-gap-default\">\n\t\t\t\t\t<div class=\"elementor-column elementor-col-100 elementor-top-column elementor-element elementor-element-856b7c7\" data-id=\"856b7c7\" data-element_type=\"column\" data-e-type=\"column\">\n\t\t\t<div class=\"elementor-widget-wrap elementor-element-populated\">\n\t\t\t\t\t\t<div class=\"elementor-element elementor-element-9052219 elementor-widget elementor-widget-heading\" data-id=\"9052219\" data-element_type=\"widget\" data-e-type=\"widget\" data-widget_type=\"heading.default\">\n\t\t\t\t<div class=\"elementor-widget-container\">\n\t\t\t\t\t<h2 class=\"elementor-heading-title elementor-size-default\">Qui\u00e9nes somos <\/h2>\t\t\t\t<\/div>\n\t\t\t\t<\/div>\n\t\t\t\t\t<\/div>\n\t\t<\/div>\n\t\t\t\t\t<\/div>\n\t\t<\/section>\n\t\t\t\t<section class=\"elementor-section elementor-top-section elementor-element elementor-element-ab5cf1b elementor-section-boxed elementor-section-height-default elementor-section-height-default\" data-id=\"ab5cf1b\" data-element_type=\"section\" data-e-type=\"section\">\n\t\t\t\t\t\t\t<div class=\"elementor-background-overlay\"><\/div>\n\t\t\t\t\t\t\t<div class=\"elementor-container elementor-column-gap-default\">\n\t\t\t\t\t<div class=\"elementor-column elementor-col-100 elementor-top-column elementor-element elementor-element-f6d0537\" data-id=\"f6d0537\" data-element_type=\"column\" data-e-type=\"column\">\n\t\t\t<div class=\"elementor-widget-wrap elementor-element-populated\">\n\t\t\t\t\t\t<div class=\"elementor-element elementor-element-1446e49 elementor-drop-cap-yes elementor-drop-cap-view-default elementor-widget elementor-widget-text-editor\" data-id=\"1446e49\" data-element_type=\"widget\" data-e-type=\"widget\" data-settings=\"{&quot;drop_cap&quot;:&quot;yes&quot;}\" data-widget_type=\"text-editor.default\">\n\t\t\t\t<div class=\"elementor-widget-container\">\n\t\t\t\t\t\t\t\t\t<p>Familia negozio bat gara, 1948ko tradizioa duena, Gernikako Domingo Alegria plazan kokatua, herriaren bihotzean eta Astelehenetako azoka tradizionala ospatzen den plaza ikonikotik gertu. Gure establezimenduan, hainbat produktu eskaintzen ditugu: drogeria, bazar gaiak, lurringintza, jostailuak eta opariak.<\/p><p>Amutio Drogerian, eboluzionatu egin dugu denborekin, eta orain ere gure produktuak aurki ditzakezu gure <a href=\"https:\/\/drogueriaamutio.com\/tienda\/\" target=\"_blank\" rel=\"noopener\">denda onlinean<\/a>. Gure bezeroei zerbitzurik, aholkurik eta aholkularitzarik onena eskaintzeko konpromisoa hartu dugu, sektorean 75 urte baino gehiagoko esperientzia sendoa baitugu. Gure egitekoa zure beharrak asetzea eta zure gogobetetasun osoa bermatzea da.<\/p>\t\t\t\t\t\t\t\t<\/div>\n\t\t\t\t<\/div>\n\t\t\t\t\t<\/div>\n\t\t<\/div>\n\t\t\t\t\t<\/div>\n\t\t<\/section>\n\t\t\t\t<section class=\"elementor-section elementor-top-section elementor-element elementor-element-58d0da0 elementor-section-boxed elementor-section-height-default elementor-section-height-default\" data-id=\"58d0da0\" data-element_type=\"section\" data-e-type=\"section\">\n\t\t\t\t\t\t\t<div class=\"elementor-background-overlay\"><\/div>\n\t\t\t\t\t\t\t<div class=\"elementor-container elementor-column-gap-default\">\n\t\t\t\t\t<div class=\"elementor-column elementor-col-100 elementor-top-column elementor-element elementor-element-e072d93\" data-id=\"e072d93\" data-element_type=\"column\" data-e-type=\"column\">\n\t\t\t<div class=\"elementor-widget-wrap elementor-element-populated\">\n\t\t\t\t\t\t<div class=\"elementor-element elementor-element-edd4f0a elementor-widget elementor-widget-gallery\" data-id=\"edd4f0a\" data-element_type=\"widget\" data-e-type=\"widget\" data-settings=\"{&quot;columns&quot;:5,&quot;columns_tablet&quot;:3,&quot;lazyload&quot;:&quot;yes&quot;,&quot;gallery_layout&quot;:&quot;grid&quot;,&quot;columns_mobile&quot;:1,&quot;gap&quot;:{&quot;unit&quot;:&quot;px&quot;,&quot;size&quot;:10,&quot;sizes&quot;:[]},&quot;gap_tablet&quot;:{&quot;unit&quot;:&quot;px&quot;,&quot;size&quot;:10,&quot;sizes&quot;:[]},&quot;gap_mobile&quot;:{&quot;unit&quot;:&quot;px&quot;,&quot;size&quot;:10,&quot;sizes&quot;:[]},&quot;link_to&quot;:&quot;file&quot;,&quot;aspect_ratio&quot;:&quot;3:2&quot;,&quot;overlay_background&quot;:&quot;yes&quot;,&quot;content_hover_animation&quot;:&quot;fade-in&quot;}\" data-widget_type=\"gallery.default\">\n\t\t\t\t<div class=\"elementor-widget-container\">\n\t\t\t\t\t\t\t<div class=\"elementor-gallery__container\">\n\t\t\t\t\t\t\t<a class=\"e-gallery-item elementor-gallery-item elementor-animated-content\" href=\"https:\/\/drogueriaamutio.eus\/wp-content\/uploads\/2023\/09\/amutio.jpg\" data-elementor-open-lightbox=\"yes\" data-elementor-lightbox-slideshow=\"edd4f0a\" data-elementor-lightbox-title=\"amutio\" data-e-action-hash=\"#elementor-action%3Aaction%3Dlightbox%26settings%3DeyJpZCI6ODYsInVybCI6Imh0dHBzOlwvXC9kcm9ndWVyaWFhbXV0aW8uZXVzXC93cC1jb250ZW50XC91cGxvYWRzXC8yMDIzXC8wOVwvYW11dGlvLmpwZyIsInNsaWRlc2hvdyI6ImVkZDRmMGEifQ%3D%3D\">\n\t\t\t\t\t<div class=\"e-gallery-image elementor-gallery-item__image\" data-thumbnail=\"https:\/\/drogueriaamutio.eus\/wp-content\/uploads\/2023\/09\/amutio-300x256.jpg\" data-width=\"300\" data-height=\"256\" aria-label=\"\" role=\"img\" ><\/div>\n\t\t\t\t\t\t\t\t\t\t\t<div class=\"elementor-gallery-item__overlay\"><\/div>\n\t\t\t\t\t\t\t\t\t\t\t\t\t\t<\/a>\n\t\t\t\t\t\t\t<a class=\"e-gallery-item elementor-gallery-item elementor-animated-content\" href=\"https:\/\/drogueriaamutio.eus\/wp-content\/uploads\/2023\/09\/amutio-barrutik.jpg\" data-elementor-open-lightbox=\"yes\" data-elementor-lightbox-slideshow=\"edd4f0a\" data-elementor-lightbox-title=\"amutio-barrutik\" data-e-action-hash=\"#elementor-action%3Aaction%3Dlightbox%26settings%3DeyJpZCI6ODgsInVybCI6Imh0dHBzOlwvXC9kcm9ndWVyaWFhbXV0aW8uZXVzXC93cC1jb250ZW50XC91cGxvYWRzXC8yMDIzXC8wOVwvYW11dGlvLWJhcnJ1dGlrLmpwZyIsInNsaWRlc2hvdyI6ImVkZDRmMGEifQ%3D%3D\">\n\t\t\t\t\t<div class=\"e-gallery-image elementor-gallery-item__image\" data-thumbnail=\"https:\/\/drogueriaamutio.eus\/wp-content\/uploads\/2023\/09\/amutio-barrutik-300x200.jpg\" data-width=\"300\" data-height=\"200\" aria-label=\"\" role=\"img\" ><\/div>\n\t\t\t\t\t\t\t\t\t\t\t<div class=\"elementor-gallery-item__overlay\"><\/div>\n\t\t\t\t\t\t\t\t\t\t\t\t\t\t<\/a>\n\t\t\t\t\t\t\t<a class=\"e-gallery-item elementor-gallery-item elementor-animated-content\" href=\"https:\/\/drogueriaamutio.eus\/wp-content\/uploads\/2023\/09\/ainara-amutio.jpg\" data-elementor-open-lightbox=\"yes\" data-elementor-lightbox-slideshow=\"edd4f0a\" data-elementor-lightbox-title=\"ainara-amutio\" data-e-action-hash=\"#elementor-action%3Aaction%3Dlightbox%26settings%3DeyJpZCI6ODUsInVybCI6Imh0dHBzOlwvXC9kcm9ndWVyaWFhbXV0aW8uZXVzXC93cC1jb250ZW50XC91cGxvYWRzXC8yMDIzXC8wOVwvYWluYXJhLWFtdXRpby5qcGciLCJzbGlkZXNob3ciOiJlZGQ0ZjBhIn0%3D\">\n\t\t\t\t\t<div class=\"e-gallery-image elementor-gallery-item__image\" data-thumbnail=\"https:\/\/drogueriaamutio.eus\/wp-content\/uploads\/2023\/09\/ainara-amutio-300x282.jpg\" data-width=\"300\" data-height=\"282\" aria-label=\"\" role=\"img\" ><\/div>\n\t\t\t\t\t\t\t\t\t\t\t<div class=\"elementor-gallery-item__overlay\"><\/div>\n\t\t\t\t\t\t\t\t\t\t\t\t\t\t<\/a>\n\t\t\t\t\t\t\t<a class=\"e-gallery-item elementor-gallery-item elementor-animated-content\" href=\"https:\/\/drogueriaamutio.eus\/wp-content\/uploads\/2023\/09\/1952.jpg\" data-elementor-open-lightbox=\"yes\" data-elementor-lightbox-slideshow=\"edd4f0a\" data-elementor-lightbox-title=\"1952\" data-e-action-hash=\"#elementor-action%3Aaction%3Dlightbox%26settings%3DeyJpZCI6ODAsInVybCI6Imh0dHBzOlwvXC9kcm9ndWVyaWFhbXV0aW8uZXVzXC93cC1jb250ZW50XC91cGxvYWRzXC8yMDIzXC8wOVwvMTk1Mi5qcGciLCJzbGlkZXNob3ciOiJlZGQ0ZjBhIn0%3D\">\n\t\t\t\t\t<div class=\"e-gallery-image elementor-gallery-item__image\" data-thumbnail=\"https:\/\/drogueriaamutio.eus\/wp-content\/uploads\/2023\/09\/1952-300x300.jpg\" data-width=\"300\" data-height=\"300\" aria-label=\"\" role=\"img\" ><\/div>\n\t\t\t\t\t\t\t\t\t\t\t<div class=\"elementor-gallery-item__overlay\"><\/div>\n\t\t\t\t\t\t\t\t\t\t\t\t\t\t<\/a>\n\t\t\t\t\t\t\t<a class=\"e-gallery-item elementor-gallery-item elementor-animated-content\" href=\"https:\/\/drogueriaamutio.eus\/wp-content\/uploads\/2023\/09\/1950-1.jpg\" data-elementor-open-lightbox=\"yes\" data-elementor-lightbox-slideshow=\"edd4f0a\" data-elementor-lightbox-title=\"1950-1\" data-e-action-hash=\"#elementor-action%3Aaction%3Dlightbox%26settings%3DeyJpZCI6NzksInVybCI6Imh0dHBzOlwvXC9kcm9ndWVyaWFhbXV0aW8uZXVzXC93cC1jb250ZW50XC91cGxvYWRzXC8yMDIzXC8wOVwvMTk1MC0xLmpwZyIsInNsaWRlc2hvdyI6ImVkZDRmMGEifQ%3D%3D\">\n\t\t\t\t\t<div class=\"e-gallery-image elementor-gallery-item__image\" data-thumbnail=\"https:\/\/drogueriaamutio.eus\/wp-content\/uploads\/2023\/09\/1950-1-300x300.jpg\" data-width=\"300\" data-height=\"300\" aria-label=\"\" role=\"img\" ><\/div>\n\t\t\t\t\t\t\t\t\t\t\t<div class=\"elementor-gallery-item__overlay\"><\/div>\n\t\t\t\t\t\t\t\t\t\t\t\t\t\t<\/a>\n\t\t\t\t\t\t\t<a class=\"e-gallery-item elementor-gallery-item elementor-animated-content\" href=\"https:\/\/drogueriaamutio.eus\/wp-content\/uploads\/2023\/09\/1980.jpg\" data-elementor-open-lightbox=\"yes\" data-elementor-lightbox-slideshow=\"edd4f0a\" data-elementor-lightbox-title=\"1980\" data-e-action-hash=\"#elementor-action%3Aaction%3Dlightbox%26settings%3DeyJpZCI6ODEsInVybCI6Imh0dHBzOlwvXC9kcm9ndWVyaWFhbXV0aW8uZXVzXC93cC1jb250ZW50XC91cGxvYWRzXC8yMDIzXC8wOVwvMTk4MC5qcGciLCJzbGlkZXNob3ciOiJlZGQ0ZjBhIn0%3D\">\n\t\t\t\t\t<div class=\"e-gallery-image elementor-gallery-item__image\" data-thumbnail=\"https:\/\/drogueriaamutio.eus\/wp-content\/uploads\/2023\/09\/1980-300x300.jpg\" data-width=\"300\" data-height=\"300\" aria-label=\"\" role=\"img\" ><\/div>\n\t\t\t\t\t\t\t\t\t\t\t<div class=\"elementor-gallery-item__overlay\"><\/div>\n\t\t\t\t\t\t\t\t\t\t\t\t\t\t<\/a>\n\t\t\t\t\t\t\t<a class=\"e-gallery-item elementor-gallery-item elementor-animated-content\" href=\"https:\/\/drogueriaamutio.eus\/wp-content\/uploads\/2023\/09\/1980-1.jpg\" data-elementor-open-lightbox=\"yes\" data-elementor-lightbox-slideshow=\"edd4f0a\" data-elementor-lightbox-title=\"1980-1\" data-e-action-hash=\"#elementor-action%3Aaction%3Dlightbox%26settings%3DeyJpZCI6ODIsInVybCI6Imh0dHBzOlwvXC9kcm9ndWVyaWFhbXV0aW8uZXVzXC93cC1jb250ZW50XC91cGxvYWRzXC8yMDIzXC8wOVwvMTk4MC0xLmpwZyIsInNsaWRlc2hvdyI6ImVkZDRmMGEifQ%3D%3D\">\n\t\t\t\t\t<div class=\"e-gallery-image elementor-gallery-item__image\" data-thumbnail=\"https:\/\/drogueriaamutio.eus\/wp-content\/uploads\/2023\/09\/1980-1-300x300.jpg\" data-width=\"300\" data-height=\"300\" aria-label=\"\" role=\"img\" ><\/div>\n\t\t\t\t\t\t\t\t\t\t\t<div class=\"elementor-gallery-item__overlay\"><\/div>\n\t\t\t\t\t\t\t\t\t\t\t\t\t\t<\/a>\n\t\t\t\t\t\t\t<a class=\"e-gallery-item elementor-gallery-item elementor-animated-content\" href=\"https:\/\/drogueriaamutio.eus\/wp-content\/uploads\/2023\/09\/1980-2.jpg\" data-elementor-open-lightbox=\"yes\" data-elementor-lightbox-slideshow=\"edd4f0a\" data-elementor-lightbox-title=\"1980-2\" data-e-action-hash=\"#elementor-action%3Aaction%3Dlightbox%26settings%3DeyJpZCI6ODMsInVybCI6Imh0dHBzOlwvXC9kcm9ndWVyaWFhbXV0aW8uZXVzXC93cC1jb250ZW50XC91cGxvYWRzXC8yMDIzXC8wOVwvMTk4MC0yLmpwZyIsInNsaWRlc2hvdyI6ImVkZDRmMGEifQ%3D%3D\">\n\t\t\t\t\t<div class=\"e-gallery-image elementor-gallery-item__image\" data-thumbnail=\"https:\/\/drogueriaamutio.eus\/wp-content\/uploads\/2023\/09\/1980-2-300x300.jpg\" data-width=\"300\" data-height=\"300\" aria-label=\"\" role=\"img\" ><\/div>\n\t\t\t\t\t\t\t\t\t\t\t<div class=\"elementor-gallery-item__overlay\"><\/div>\n\t\t\t\t\t\t\t\t\t\t\t\t\t\t<\/a>\n\t\t\t\t\t\t\t<a class=\"e-gallery-item elementor-gallery-item elementor-animated-content\" href=\"https:\/\/drogueriaamutio.eus\/wp-content\/uploads\/2023\/09\/1990.jpg\" data-elementor-open-lightbox=\"yes\" data-elementor-lightbox-slideshow=\"edd4f0a\" data-elementor-lightbox-title=\"1990\" data-e-action-hash=\"#elementor-action%3Aaction%3Dlightbox%26settings%3DeyJpZCI6ODQsInVybCI6Imh0dHBzOlwvXC9kcm9ndWVyaWFhbXV0aW8uZXVzXC93cC1jb250ZW50XC91cGxvYWRzXC8yMDIzXC8wOVwvMTk5MC5qcGciLCJzbGlkZXNob3ciOiJlZGQ0ZjBhIn0%3D\">\n\t\t\t\t\t<div class=\"e-gallery-image elementor-gallery-item__image\" data-thumbnail=\"https:\/\/drogueriaamutio.eus\/wp-content\/uploads\/2023\/09\/1990-300x300.jpg\" data-width=\"300\" data-height=\"300\" aria-label=\"\" role=\"img\" ><\/div>\n\t\t\t\t\t\t\t\t\t\t\t<div class=\"elementor-gallery-item__overlay\"><\/div>\n\t\t\t\t\t\t\t\t\t\t\t\t\t\t<\/a>\n\t\t\t\t\t<\/div>\n\t\t\t\t\t<\/div>\n\t\t\t\t<\/div>\n\t\t\t\t\t<\/div>\n\t\t<\/div>\n\t\t\t\t\t<\/div>\n\t\t<\/section>\n\t\t\t\t<section class=\"elementor-section elementor-top-section elementor-element elementor-element-532efc7 elementor-section-full_width elementor-section-height-default elementor-section-height-default\" data-id=\"532efc7\" data-element_type=\"section\" data-e-type=\"section\" data-settings=\"{&quot;background_background&quot;:&quot;classic&quot;}\">\n\t\t\t\t\t\t\t<div class=\"elementor-background-overlay\"><\/div>\n\t\t\t\t\t\t\t<div class=\"elementor-container elementor-column-gap-default\">\n\t\t\t\t\t<div class=\"elementor-column elementor-col-100 elementor-top-column elementor-element elementor-element-057d43a\" data-id=\"057d43a\" data-element_type=\"column\" data-e-type=\"column\">\n\t\t\t<div class=\"elementor-widget-wrap elementor-element-populated\">\n\t\t\t\t\t\t<div class=\"elementor-element elementor-element-0d776eb elementor-widget elementor-widget-heading\" data-id=\"0d776eb\" data-element_type=\"widget\" data-e-type=\"widget\" data-widget_type=\"heading.default\">\n\t\t\t\t<div class=\"elementor-widget-container\">\n\t\t\t\t\t<h2 class=\"elementor-heading-title elementor-size-default\">Hemen gaude zuri laguntzeko.<\/h2>\t\t\t\t<\/div>\n\t\t\t\t<\/div>\n\t\t\t\t<div class=\"elementor-element elementor-element-7ad40ae elementor-align-center elementor-widget elementor-widget-button\" data-id=\"7ad40ae\" data-element_type=\"widget\" data-e-type=\"widget\" data-widget_type=\"button.default\">\n\t\t\t\t<div class=\"elementor-widget-container\">\n\t\t\t\t\t\t\t\t\t<div class=\"elementor-button-wrapper\">\n\t\t\t\t\t<a class=\"elementor-button elementor-button-link elementor-size-sm\" href=\"https:\/\/wa.link\/508f3w\" target=\"_blank\">\n\t\t\t\t\t\t<span class=\"elementor-button-content-wrapper\">\n\t\t\t\t\t\t\t\t\t<span class=\"elementor-button-text\">Jarri gurekin harremanetan<\/span>\n\t\t\t\t\t<\/span>\n\t\t\t\t\t<\/a>\n\t\t\t\t<\/div>\n\t\t\t\t\t\t\t\t<\/div>\n\t\t\t\t<\/div>\n\t\t\t\t\t<\/div>\n\t\t<\/div>\n\t\t\t\t\t<\/div>\n\t\t<\/section>\n\t\t\t\t<\/div>","protected":false},"excerpt":{"rendered":"<p>Bienvenido a Droguer\u00eda Amutio M\u00e1s de 75 a\u00f1os de calidad y servicio Qui\u00e9nes somos Somos un negocio familiar con una tradici\u00f3n que se remonta a 1948, ubicado en la Plaza Domingo Alegr\u00eda de Gernika, en el coraz\u00f3n de la villa y cerca de la ic\u00f3nica plaza donde se celebra el mercado tradicional de los Lunes. [&hellip;]<\/p>\n","protected":false},"author":1,"featured_media":0,"parent":0,"menu_order":0,"comment_status":"closed","ping_status":"closed","template":"elementor_canvas","meta":{"footnotes":""},"class_list":["post-2","page","type-page","status-publish","hentry"],"yoast_head":"<!-- This site is optimized with the Yoast SEO plugin v27.5 - https:\/\/yoast.com\/product\/yoast-seo-wordpress\/ -->\n<title>Inicio - Drogueria Amutio<\/title>\n<meta name=\"robots\" content=\"index, follow, max-snippet:-1, max-image-preview:large, max-video-preview:-1\" \/>\n<link rel=\"canonical\" href=\"https:\/\/drogueriaamutio.eus\/eu\/\" \/>\n<meta property=\"og:locale\" content=\"en_US\" \/>\n<meta property=\"og:type\" content=\"article\" \/>\n<meta property=\"og:title\" content=\"Inicio - Drogueria Amutio\" \/>\n<meta property=\"og:description\" content=\"Bienvenido a Droguer\u00eda Amutio M\u00e1s de 75 a\u00f1os de calidad y servicio Qui\u00e9nes somos Somos un negocio familiar con una tradici\u00f3n que se remonta a 1948, ubicado en la Plaza Domingo Alegr\u00eda de Gernika, en el coraz\u00f3n de la villa y cerca de la ic\u00f3nica plaza donde se celebra el mercado tradicional de los Lunes. [&hellip;]\" \/>\n<meta property=\"og:url\" content=\"https:\/\/drogueriaamutio.eus\/eu\/\" \/>\n<meta property=\"og:site_name\" content=\"Drogueria Amutio\" \/>\n<meta property=\"article:modified_time\" content=\"2024-06-11T10:15:53+00:00\" \/>\n<meta name=\"twitter:card\" content=\"summary_large_image\" \/>\n<meta name=\"twitter:label1\" content=\"Est. reading time\" \/>\n\t<meta name=\"twitter:data1\" content=\"1 minutua\" \/>\n<script type=\"application\/ld+json\" class=\"yoast-schema-graph\">{\"@context\":\"https:\\\/\\\/schema.org\",\"@graph\":[{\"@type\":\"WebPage\",\"@id\":\"https:\\\/\\\/drogueriaamutio.eus\\\/\",\"url\":\"https:\\\/\\\/drogueriaamutio.eus\\\/\",\"name\":\"Inicio - Drogueria Amutio\",\"isPartOf\":{\"@id\":\"https:\\\/\\\/drogueriaamutio.eus\\\/#website\"},\"datePublished\":\"2023-09-18T07:57:18+00:00\",\"dateModified\":\"2024-06-11T10:15:53+00:00\",\"breadcrumb\":{\"@id\":\"https:\\\/\\\/drogueriaamutio.eus\\\/#breadcrumb\"},\"inLanguage\":\"eu\",\"potentialAction\":[{\"@type\":\"ReadAction\",\"target\":[\"https:\\\/\\\/drogueriaamutio.eus\\\/\"]}]},{\"@type\":\"BreadcrumbList\",\"@id\":\"https:\\\/\\\/drogueriaamutio.eus\\\/#breadcrumb\",\"itemListElement\":[{\"@type\":\"ListItem\",\"position\":1,\"name\":\"Portada\",\"item\":\"https:\\\/\\\/drogueriaamutio.eus\\\/\"},{\"@type\":\"ListItem\",\"position\":2,\"name\":\"Inicio\"}]},{\"@type\":\"WebSite\",\"@id\":\"https:\\\/\\\/drogueriaamutio.eus\\\/#website\",\"url\":\"https:\\\/\\\/drogueriaamutio.eus\\\/\",\"name\":\"Drogueria Amutio\",\"description\":\"\",\"publisher\":{\"@id\":\"https:\\\/\\\/drogueriaamutio.eus\\\/#organization\"},\"potentialAction\":[{\"@type\":\"SearchAction\",\"target\":{\"@type\":\"EntryPoint\",\"urlTemplate\":\"https:\\\/\\\/drogueriaamutio.eus\\\/?s={search_term_string}\"},\"query-input\":{\"@type\":\"PropertyValueSpecification\",\"valueRequired\":true,\"valueName\":\"search_term_string\"}}],\"inLanguage\":\"eu\"},{\"@type\":\"Organization\",\"@id\":\"https:\\\/\\\/drogueriaamutio.eus\\\/#organization\",\"name\":\"Drogueria Amutio\",\"url\":\"https:\\\/\\\/drogueriaamutio.eus\\\/\",\"logo\":{\"@type\":\"ImageObject\",\"inLanguage\":\"eu\",\"@id\":\"https:\\\/\\\/drogueriaamutio.eus\\\/#\\\/schema\\\/logo\\\/image\\\/\",\"url\":\"https:\\\/\\\/drogueriaamutio.eus\\\/wp-content\\\/uploads\\\/2023\\\/09\\\/cropped-Amutio-AINARA-AMUTIO.jpg\",\"contentUrl\":\"https:\\\/\\\/drogueriaamutio.eus\\\/wp-content\\\/uploads\\\/2023\\\/09\\\/cropped-Amutio-AINARA-AMUTIO.jpg\",\"width\":287,\"height\":287,\"caption\":\"Drogueria Amutio\"},\"image\":{\"@id\":\"https:\\\/\\\/drogueriaamutio.eus\\\/#\\\/schema\\\/logo\\\/image\\\/\"}}]}<\/script>\n<!-- \/ Yoast SEO plugin. -->","yoast_head_json":{"title":"Inicio - Drogueria Amutio","robots":{"index":"index","follow":"follow","max-snippet":"max-snippet:-1","max-image-preview":"max-image-preview:large","max-video-preview":"max-video-preview:-1"},"canonical":"https:\/\/drogueriaamutio.eus\/eu\/","og_locale":"en_US","og_type":"article","og_title":"Inicio - Drogueria Amutio","og_description":"Bienvenido a Droguer\u00eda Amutio M\u00e1s de 75 a\u00f1os de calidad y servicio Qui\u00e9nes somos Somos un negocio familiar con una tradici\u00f3n que se remonta a 1948, ubicado en la Plaza Domingo Alegr\u00eda de Gernika, en el coraz\u00f3n de la villa y cerca de la ic\u00f3nica plaza donde se celebra el mercado tradicional de los Lunes. [&hellip;]","og_url":"https:\/\/drogueriaamutio.eus\/eu\/","og_site_name":"Drogueria Amutio","article_modified_time":"2024-06-11T10:15:53+00:00","twitter_card":"summary_large_image","twitter_misc":{"Est. reading time":"1 minutua"},"schema":{"@context":"https:\/\/schema.org","@graph":[{"@type":"WebPage","@id":"https:\/\/drogueriaamutio.eus\/","url":"https:\/\/drogueriaamutio.eus\/","name":"Inicio - Drogueria Amutio","isPartOf":{"@id":"https:\/\/drogueriaamutio.eus\/#website"},"datePublished":"2023-09-18T07:57:18+00:00","dateModified":"2024-06-11T10:15:53+00:00","breadcrumb":{"@id":"https:\/\/drogueriaamutio.eus\/#breadcrumb"},"inLanguage":"eu","potentialAction":[{"@type":"ReadAction","target":["https:\/\/drogueriaamutio.eus\/"]}]},{"@type":"BreadcrumbList","@id":"https:\/\/drogueriaamutio.eus\/#breadcrumb","itemListElement":[{"@type":"ListItem","position":1,"name":"Portada","item":"https:\/\/drogueriaamutio.eus\/"},{"@type":"ListItem","position":2,"name":"Inicio"}]},{"@type":"WebSite","@id":"https:\/\/drogueriaamutio.eus\/#website","url":"https:\/\/drogueriaamutio.eus\/","name":"Drogueria Amutio","description":"","publisher":{"@id":"https:\/\/drogueriaamutio.eus\/#organization"},"potentialAction":[{"@type":"SearchAction","target":{"@type":"EntryPoint","urlTemplate":"https:\/\/drogueriaamutio.eus\/?s={search_term_string}"},"query-input":{"@type":"PropertyValueSpecification","valueRequired":true,"valueName":"search_term_string"}}],"inLanguage":"eu"},{"@type":"Organization","@id":"https:\/\/drogueriaamutio.eus\/#organization","name":"Drogueria Amutio","url":"https:\/\/drogueriaamutio.eus\/","logo":{"@type":"ImageObject","inLanguage":"eu","@id":"https:\/\/drogueriaamutio.eus\/#\/schema\/logo\/image\/","url":"https:\/\/drogueriaamutio.eus\/wp-content\/uploads\/2023\/09\/cropped-Amutio-AINARA-AMUTIO.jpg","contentUrl":"https:\/\/drogueriaamutio.eus\/wp-content\/uploads\/2023\/09\/cropped-Amutio-AINARA-AMUTIO.jpg","width":287,"height":287,"caption":"Drogueria Amutio"},"image":{"@id":"https:\/\/drogueriaamutio.eus\/#\/schema\/logo\/image\/"}}]}},"_links":{"self":[{"href":"https:\/\/drogueriaamutio.eus\/eu\/wp-json\/wp\/v2\/pages\/2","targetHints":{"allow":["GET"]}}],"collection":[{"href":"https:\/\/drogueriaamutio.eus\/eu\/wp-json\/wp\/v2\/pages"}],"about":[{"href":"https:\/\/drogueriaamutio.eus\/eu\/wp-json\/wp\/v2\/types\/page"}],"author":[{"embeddable":true,"href":"https:\/\/drogueriaamutio.eus\/eu\/wp-json\/wp\/v2\/users\/1"}],"replies":[{"embeddable":true,"href":"https:\/\/drogueriaamutio.eus\/eu\/wp-json\/wp\/v2\/comments?post=2"}],"version-history":[{"count":253,"href":"https:\/\/drogueriaamutio.eus\/eu\/wp-json\/wp\/v2\/pages\/2\/revisions"}],"predecessor-version":[{"id":951,"href":"https:\/\/drogueriaamutio.eus\/eu\/wp-json\/wp\/v2\/pages\/2\/revisions\/951"}],"wp:attachment":[{"href":"https:\/\/drogueriaamutio.eus\/eu\/wp-json\/wp\/v2\/media?parent=2"}],"curies":[{"name":"wp","href":"https:\/\/api.w.org\/{rel}","templated":true}]}}